{"id":54,"date":"2019-03-20T21:01:15","date_gmt":"2019-03-20T20:01:15","guid":{"rendered":"http:\/\/wp.links-netz.de\/?page_id=54"},"modified":"2024-03-13T13:38:09","modified_gmt":"2024-03-13T12:38:09","slug":"impressum","status":"publish","type":"page","link":"http:\/\/wp.links-netz.de\/?page_id=54","title":{"rendered":"Impressum"},"content":{"rendered":"\n<figure class=\"wp-block-table\"><table><tbody><tr><td><strong>c\/o Eva-Maria Krampe, Emil-Claar-Str. 28, 60322 Frankfurt<\/strong><br><br><strong>HerausgeberInnen:<\/strong><br>Thomas Gehrig, Joachim Hirsch, John Kannankulam, Eva-Maria Krampe, Thomas Kunz, Christine Resch, Jens Wissel<br><br><strong>\u00a9 www.links-netz.de<\/strong><br>Alle Beitr\u00e4ge sind urheberrechtlich gesch\u00fctzt. Nachdruck, Ausdruck, \u00dcbersetzung und Vervielf\u00e4ltigung o.\u00e4. in linken und befreundeten Medien sind, unter Angabe der Quelle, erw\u00fcnscht, bed\u00fcrfen allerdings der Genehmigung durch die Autoren. Ver\u00f6ffentlichungen ohne Genehmigung der Autoren werden urheberrechtlich verfolgt. Links bitte nur auf unsere Homepage, nicht auf einzelne Beitr\u00e4ge. <br><br><strong>Haftungshinweis<\/strong><br>Trotz sorgf\u00e4ltiger inhaltlicher Kontrolle \u00fcbernehmen wir keine Haftung f\u00fcr die Inhalte externer Links. F\u00fcr den Inhalt der verlinkten Seiten sind ausschlie\u00dflich deren Betreiber verantwortlich.  <br><\/td><\/tr><tr><td>\n\t\t\t\t\t\t\t\t<\/td><\/tr><\/tbody><\/table><\/figure>\n","protected":false},"excerpt":{"rendered":"<p>c\/o Eva-Maria Krampe, Emil-Claar-Str. 28, 60322 Frankfurt HerausgeberInnen:Thomas Gehrig, Joachim Hirsch, John Kannankulam, Eva-Maria Krampe, Thomas Kunz, Christine Resch, Jens Wissel \u00a9 www.links-netz.deAlle Beitr\u00e4ge sind urheberrechtlich gesch\u00fctzt. Nachdruck, Ausdruck, \u00dcbersetzung und Vervielf\u00e4ltigung o.\u00e4. in linken und befreundeten Medien sind, unter Angabe der Quelle, erw\u00fcnscht, bed\u00fcrfen allerdings der Genehmigung durch die Autoren. Ver\u00f6ffentlichungen ohne Genehmigung der [&hellip;]<\/p>\n","protected":false},"author":2,"featured_media":0,"parent":0,"menu_order":1,"comment_status":"closed","ping_status":"closed","template":"","meta":[],"_links":{"self":[{"href":"http:\/\/wp.links-netz.de\/index.php?rest_route=\/wp\/v2\/pages\/54"}],"collection":[{"href":"http:\/\/wp.links-netz.de\/index.php?rest_route=\/wp\/v2\/pages"}],"about":[{"href":"http:\/\/wp.links-netz.de\/index.php?rest_route=\/wp\/v2\/types\/page"}],"author":[{"embeddable":true,"href":"http:\/\/wp.links-netz.de\/index.php?rest_route=\/wp\/v2\/users\/2"}],"replies":[{"embeddable":true,"href":"http:\/\/wp.links-netz.de\/index.php?rest_route=%2Fwp%2Fv2%2Fcomments&post=54"}],"version-history":[{"count":6,"href":"http:\/\/wp.links-netz.de\/index.php?rest_route=\/wp\/v2\/pages\/54\/revisions"}],"predecessor-version":[{"id":713,"href":"http:\/\/wp.links-netz.de\/index.php?rest_route=\/wp\/v2\/pages\/54\/revisions\/713"}],"wp:attachment":[{"href":"http:\/\/wp.links-netz.de\/index.php?rest_route=%2Fwp%2Fv2%2Fmedia&parent=54"}],"curies":[{"name":"wp","href":"https:\/\/api.w.org\/{rel}","templated":true}]}}