{"id":91,"date":"2019-03-20T21:34:36","date_gmt":"2019-03-20T20:34:36","guid":{"rendered":"http:\/\/wp.links-netz.de\/?page_id=91"},"modified":"2019-03-20T21:34:36","modified_gmt":"2019-03-20T20:34:36","slug":"editorial","status":"publish","type":"page","link":"http:\/\/wp.links-netz.de\/?page_id=91","title":{"rendered":"Editorial"},"content":{"rendered":"\n<p><strong>Liebe Leserinnen und Leser,<\/strong><\/p>\n\n\n\n<p>links-netz versteht sich als Zeitschrift. Beitr\u00e4ge externer Autoren sind daher ausdr\u00fccklich willkommen. Insbesondere freuen wir uns \u00fcber Beitr\u00e4ge, die sich auf bereits hier publizierte Texte und Themen beziehen. Nat\u00fcrlich ist es auch m\u00f6glich, ein neues Thema zu er\u00f6ffnen, das zu dem allgemeinen Anliegen von links-netz passt. Alle Beitr\u00e4ge werden vor der Ver\u00f6ffentlichung von der <a href=\"http:\/\/wp.links-netz.de\/?p=79\">Redaktion<\/a> diskutiert und dann gemeinsam angenommen oder abgelehnt, bzw. zur \u00dcberarbeitung empfohlen.  Die Redaktionssitzungen sind \u00f6ffentlich und finden &#8211; in der Regel &#8211; einmal im Monat statt. Interessierte k\u00f6nnen Ort und Termin erfahren, indem sie eine Mail an <a href=\"mailto:redaktion@links-netz.de\">redaktion@links-netz.de<\/a> schicken. Bei Bedarf kann man sich so auch die Texte, die auf der n\u00e4chsten Sitzung diskutiert werden sollen, zuschicken lassen.  <\/p>\n\n\n\n<h2 class=\"wp-block-heading\"> <br>Vorstellung: www.links-netz.de <\/h2>\n\n\n\n<p><em>links-netz<\/em> besteht aus Leuten aus dem Raum Frankfurt\/Main, die  nicht nur politisch diskutieren, sondern auch in laufende Diskussionen  eingreifen wollen. Dies vor dem Hintergrund der Tatsache, dass es um  linke Theorie und Politik am Beginn des 21. Jahrhunderts gerade  hierzulande nicht gut steht. Was allerdings unter &#8222;links&#8220; zu verstehen  ist und was eine linke Kritik auszeichnet, ist heute weniger denn je  selbstverst\u00e4ndlich, sondern bedarf neuer Orientierungen und  Begr\u00fcndungen. Der Zusammenbruch der staatssozialistischen Systeme hat  nur best\u00e4tigt, was schon lange offensichtlich war, n\u00e4mlich dass es ein  schl\u00fcssiges theoretisches und politisches Konzept f\u00fcr eine grundlegende  emanzipative Umgestaltung der Gesellschaft nicht gibt. Wir glauben auch  nicht, dass sich ein solches entwickeln l\u00e4sst wie ein Fahrplan  etwa in Richtung Sozialismus \u2013 was auch immer darunter zu verstehen  sei. Dies hie\u00dfe nur, die Fehler zu wiederholen, die zum heutigen  desolaten Zustand linker Theorie und Politik gef\u00fchrt haben.<\/p>\n\n\n\n<p>Nach 1989 hat sich aus den Tr\u00fcmmern des Kalten Kriegs die sogenannte  &#8222;Berliner Republik&#8220; erhoben. Damit verbindet sich eine bedeutsame  Ver\u00e4nderung der Herrschafts- und Regierungsweise. Besonders bedeutsam  scheint uns zu sein, dass das postfaschistische Deutschland beansprucht,  unter Zur\u00fccklassung seiner Geschichte einen gleichberechtigten Part im  Konzert der &#8222;westlichen Demokratien&#8220; zu spielen, die die Welt  \u00f6konomisch, politisch und milit\u00e4risch beherrschen wollen. Die Verbrechen  w\u00e4hrend der Nazizeit werden nicht mehr beschwiegen und verdr\u00e4ngt ,  sondern in neuer Form relativiert und herrschaftstechnisch  instrumentalisiert. Sie dienen der Rechtfertigung einer Macht- und  Interessenpolitik, die sich menschenrechtlich und demokratisch bem\u00e4ntelt  und damit vorgibt, Lehren aus der Geschichte gezogen zu haben. Die  rot-gr\u00fcne Regierung hat es geschafft, milit\u00e4rische Gewalteins\u00e4tze zum  Mittel der Vergangenheitsnormalisierung zu machen. Insofern k\u00f6nnte man  die Kosovo-Intervention als den eigentlichen Gr\u00fcndungsakt des neuen  Deutschland betrachten. Mit ihr ist es nicht zuletzt gelungen, einen  wesentlichen Teil der sich als links verstehenden Intellektuellen in ein  neues Herrschafts- und Hegemonieprojekt einzubinden. Deren  geflissentliches Bekenntnis zum  existierenden Staat,  zu den bestehenden Machtverh\u00e4ltnissen und den sie tragenden  \u00f6konomischen und sozialen Strukturen markiert einen entscheidenden  Szenenwechsel in der deutschen Nachkriegsgeschichte.<\/p>\n\n\n\n<p> Mit der Kritik dieser &#8222;Berliner Republik&#8220;, ihren Legitimations- und  Herrschaftsmechanismen wollen wir uns ebenso besch\u00e4ftigen wie mit den  sich neu herausbildenden oppositionellen Ans\u00e4tzen und Bewegungen auch  und gerade auf internationaler Ebene. Von der politischen Herkunft, den  politischen Praxiszusammenh\u00e4ngen wie von den theoretischen und  politischen Orientierungen her sind wir durchaus unterschiedlich. W\u00fcrde  nach einem gemeinsamen Label gefragt, so w\u00fcrde man es in den Theorien  finden, die die Ideen der 68er Protestbewegung begr\u00fcndet und  weiterentwickelt haben. Dazu geh\u00f6rt nicht nur ein undogmatischer  Marxismus und die \u00e4ltere Kritische Theorie, sondern auch eine ganze  Reihe neuerer Entw\u00fcrfe zur Kritik von Gesellschaft und Politik. Was  hei\u00dft, dass wir uns keineswegs an der historischen  Entsorgung von &#8222;68&#8220; beteiligen wollen, die derzeit ein Hauptgesch\u00e4ft nicht nur deutscher Intellektueller zu sein scheint. <\/p>\n\n\n\n<p>Obwohl nicht gerade einem technologischen Fortschrittsoptimismus  verfallen, sehen inzwischen selbst wir im Internet die Chance, ein  offenes Diskussionsforum einzurichten, das nicht den wirtschaftlichen  und technischen Zw\u00e4ngen einer herk\u00f6mmlichen Zeitschrift unterliegt. Dass  sich dabei recht originelle M\u00f6glichkeiten bieten, kann man an den  <em>links<\/em> in diesem Text erkennen. Sie zeigen, dass dieser Begriff in der Tat h\u00f6chst vieldeutig ist.<\/p>\n\n\n\n<p>Wir beabsichtigen, hier in Zukunft Beitr\u00e4ge zu Themenschwerpunkten zur  Debatte stellen, die wir f\u00fcr wichtig halten. Dies bezieht sich ebenso  auf aktuelle linke Diskussionen wie auf die Auseinandersetzung mit dem,  was sich im Feld des herrschenden theoretischen und politischen  Diskurses und der praktischen Politik tut. <em>Links-netz<\/em> ist jedoch  keine Zeitschrift mit periodischer Erscheinungsweise, auch kein Archiv  f\u00fcr abgelegte Texte. Die Aktualit\u00e4t ergibt sich aus der Bedeutsamkeit  der  theoretischen und politischen Themen. Es geht uns darum, eine  Diskussion zu dokumentieren und damit zur Diskussion aufzufordern. Da  wir keine politische Gruppe im \u00fcblichen Sinne sind und keine &#8222;Linie&#8220;  vertreten, soll es dabei durchaus kontrovers zugehen. Antworten,  Kommentare, Beitr\u00e4ge und Kritiken sind erw\u00fcnscht und die technischen  M\u00f6glichkeiten dazu sind vorhanden. <\/p>\n\n\n<p><!--EndFragment--><br \/><br \/><\/p>\n\n\n<p><\/p>\n","protected":false},"excerpt":{"rendered":"<p>Liebe Leserinnen und Leser, links-netz versteht sich als Zeitschrift. Beitr\u00e4ge externer Autoren sind daher ausdr\u00fccklich willkommen. Insbesondere freuen wir uns \u00fcber Beitr\u00e4ge, die sich auf bereits hier publizierte Texte und Themen beziehen. Nat\u00fcrlich ist es auch m\u00f6glich, ein neues Thema zu er\u00f6ffnen, das zu dem allgemeinen Anliegen von links-netz passt. Alle Beitr\u00e4ge werden vor der [&hellip;]<\/p>\n","protected":false},"author":2,"featured_media":0,"parent":0,"menu_order":0,"comment_status":"closed","ping_status":"closed","template":"","meta":[],"_links":{"self":[{"href":"http:\/\/wp.links-netz.de\/index.php?rest_route=\/wp\/v2\/pages\/91"}],"collection":[{"href":"http:\/\/wp.links-netz.de\/index.php?rest_route=\/wp\/v2\/pages"}],"about":[{"href":"http:\/\/wp.links-netz.de\/index.php?rest_route=\/wp\/v2\/types\/page"}],"author":[{"embeddable":true,"href":"http:\/\/wp.links-netz.de\/index.php?rest_route=\/wp\/v2\/users\/2"}],"replies":[{"embeddable":true,"href":"http:\/\/wp.links-netz.de\/index.php?rest_route=%2Fwp%2Fv2%2Fcomments&post=91"}],"version-history":[{"count":1,"href":"http:\/\/wp.links-netz.de\/index.php?rest_route=\/wp\/v2\/pages\/91\/revisions"}],"predecessor-version":[{"id":95,"href":"http:\/\/wp.links-netz.de\/index.php?rest_route=\/wp\/v2\/pages\/91\/revisions\/95"}],"wp:attachment":[{"href":"http:\/\/wp.links-netz.de\/index.php?rest_route=%2Fwp%2Fv2%2Fmedia&parent=91"}],"curies":[{"name":"wp","href":"https:\/\/api.w.org\/{rel}","templated":true}]}}